{"id":254,"date":"2019-02-06T11:11:22","date_gmt":"2019-02-06T10:11:22","guid":{"rendered":"https:\/\/blackpeak-ebike.com\/homepage\/"},"modified":"2025-06-13T11:05:59","modified_gmt":"2025-06-13T09:05:59","slug":"e-kolesarske-pocitnice","status":"publish","type":"page","link":"https:\/\/blackpeak-ebike.com\/sl\/","title":{"rendered":"Domov"},"content":{"rendered":"","protected":false},"excerpt":{"rendered":"","protected":false},"author":1,"featured_media":2512,"parent":0,"menu_order":0,"comment_status":"closed","ping_status":"closed","template":"","meta":{"_acf_changed":false,"inline_featured_image":false,"footnotes":""},"class_list":["post-254","page","type-page","status-publish","has-post-thumbnail","hentry"],"acf":[],"yoast_head":"<!-- This site is optimized with the Yoast SEO plugin v27.1.1 - https:\/\/yoast.com\/product\/yoast-seo-wordpress\/ -->\n<title>Va\u0161e najbolj\u0161e e-kolesarske po\u010ditnice- Black Peak E-bike<\/title>\n<meta name=\"description\" content=\"Odkrijte najbolj\u0161e poti in koti\u010dke Pohorja z na\u0161imi izku\u0161enimi vodnik. Rezervirajte svoje e-kolesarske po\u010ditnice na na\u0161i spletni strani!\" \/>\n<meta name=\"robots\" content=\"index, follow, max-snippet:-1, max-image-preview:large, max-video-preview:-1\" \/>\n<link rel=\"canonical\" href=\"https:\/\/blackpeak-ebike.com\/sl\/\" \/>\n<meta property=\"og:locale\" content=\"sl_SI\" \/>\n<meta property=\"og:type\" content=\"article\" \/>\n<meta property=\"og:title\" content=\"Black Peak - Va\u0161e najbolj\u0161e e-kolesarske po\u010ditnice\" \/>\n<meta property=\"og:description\" content=\"Odkrijte najbolj\u0161e poti in koti\u010dke Pohorja z na\u0161imi izku\u0161enimi vodnik. Rezervirajte svoje e-kolesarske po\u010ditnice na na\u0161i spletni strani!\" \/>\n<meta property=\"og:url\" content=\"https:\/\/blackpeak-ebike.com\/sl\/\" \/>\n<meta property=\"og:site_name\" content=\"BLACK PEAK\" \/>\n<meta property=\"article:modified_time\" content=\"2025-06-13T09:05:59+00:00\" \/>\n<meta property=\"og:image\" content=\"https:\/\/blackpeak-ebike.com\/wp-content\/uploads\/2022\/03\/DSF8666-edited-Pixlr.png\" \/>\n\t<meta property=\"og:image:width\" content=\"1920\" \/>\n\t<meta property=\"og:image:height\" content=\"1280\" \/>\n\t<meta property=\"og:image:type\" content=\"image\/png\" \/>\n<meta name=\"twitter:card\" content=\"summary_large_image\" \/>\n<meta name=\"twitter:label1\" content=\"Est. reading time\" \/>\n\t<meta name=\"twitter:data1\" content=\"1 minuta\" \/>\n<script type=\"application\/ld+json\" class=\"yoast-schema-graph\">{\"@context\":\"https:\/\/schema.org\",\"@graph\":[{\"@type\":\"WebPage\",\"@id\":\"https:\/\/blackpeak-ebike.com\/sl\/\",\"url\":\"https:\/\/blackpeak-ebike.com\/sl\/\",\"name\":\"Va\u0161e najbolj\u0161e e-kolesarske po\u010ditnice- Black Peak E-bike\",\"isPartOf\":{\"@id\":\"https:\/\/blackpeak-ebike.com\/#website\"},\"primaryImageOfPage\":{\"@id\":\"https:\/\/blackpeak-ebike.com\/sl\/#primaryimage\"},\"image\":{\"@id\":\"https:\/\/blackpeak-ebike.com\/sl\/#primaryimage\"},\"thumbnailUrl\":\"https:\/\/blackpeak-ebike.com\/wp-content\/uploads\/2022\/03\/DSF8666-edited-Pixlr.png\",\"datePublished\":\"2019-02-06T10:11:22+00:00\",\"dateModified\":\"2025-06-13T09:05:59+00:00\",\"description\":\"Odkrijte najbolj\u0161e poti in koti\u010dke Pohorja z na\u0161imi izku\u0161enimi vodnik. Rezervirajte svoje e-kolesarske po\u010ditnice na na\u0161i spletni strani!\",\"breadcrumb\":{\"@id\":\"https:\/\/blackpeak-ebike.com\/sl\/#breadcrumb\"},\"inLanguage\":\"sl-SI\",\"potentialAction\":[{\"@type\":\"ReadAction\",\"target\":[\"https:\/\/blackpeak-ebike.com\/sl\/\"]}]},{\"@type\":\"ImageObject\",\"inLanguage\":\"sl-SI\",\"@id\":\"https:\/\/blackpeak-ebike.com\/sl\/#primaryimage\",\"url\":\"https:\/\/blackpeak-ebike.com\/wp-content\/uploads\/2022\/03\/DSF8666-edited-Pixlr.png\",\"contentUrl\":\"https:\/\/blackpeak-ebike.com\/wp-content\/uploads\/2022\/03\/DSF8666-edited-Pixlr.png\",\"width\":1920,\"height\":1280,\"caption\":\"Group of friends with e-bikes on one of the e-bike tours of Ribni\u0161ko Pohorje.\"},{\"@type\":\"BreadcrumbList\",\"@id\":\"https:\/\/blackpeak-ebike.com\/sl\/#breadcrumb\",\"itemListElement\":[{\"@type\":\"ListItem\",\"position\":1,\"name\":\"Home\",\"item\":\"https:\/\/blackpeak-ebike.com\/sl\/\"},{\"@type\":\"ListItem\",\"position\":2,\"name\":\"Domov\"}]},{\"@type\":\"WebSite\",\"@id\":\"https:\/\/blackpeak-ebike.com\/#website\",\"url\":\"https:\/\/blackpeak-ebike.com\/\",\"name\":\"BLACK PEAK\",\"description\":\"E-bike Destination\",\"potentialAction\":[{\"@type\":\"SearchAction\",\"target\":{\"@type\":\"EntryPoint\",\"urlTemplate\":\"https:\/\/blackpeak-ebike.com\/?s={search_term_string}\"},\"query-input\":{\"@type\":\"PropertyValueSpecification\",\"valueRequired\":true,\"valueName\":\"search_term_string\"}}],\"inLanguage\":\"sl-SI\"}]}<\/script>\n<!-- \/ Yoast SEO plugin. -->","yoast_head_json":{"title":"Va\u0161e najbolj\u0161e e-kolesarske po\u010ditnice- Black Peak E-bike","description":"Odkrijte najbolj\u0161e poti in koti\u010dke Pohorja z na\u0161imi izku\u0161enimi vodnik. Rezervirajte svoje e-kolesarske po\u010ditnice na na\u0161i spletni strani!","robots":{"index":"index","follow":"follow","max-snippet":"max-snippet:-1","max-image-preview":"max-image-preview:large","max-video-preview":"max-video-preview:-1"},"canonical":"https:\/\/blackpeak-ebike.com\/sl\/","og_locale":"sl_SI","og_type":"article","og_title":"Black Peak - Va\u0161e najbolj\u0161e e-kolesarske po\u010ditnice","og_description":"Odkrijte najbolj\u0161e poti in koti\u010dke Pohorja z na\u0161imi izku\u0161enimi vodnik. Rezervirajte svoje e-kolesarske po\u010ditnice na na\u0161i spletni strani!","og_url":"https:\/\/blackpeak-ebike.com\/sl\/","og_site_name":"BLACK PEAK","article_modified_time":"2025-06-13T09:05:59+00:00","og_image":[{"width":1920,"height":1280,"url":"https:\/\/blackpeak-ebike.com\/wp-content\/uploads\/2022\/03\/DSF8666-edited-Pixlr.png","type":"image\/png"}],"twitter_card":"summary_large_image","twitter_misc":{"Est. reading time":"1 minuta"},"schema":{"@context":"https:\/\/schema.org","@graph":[{"@type":"WebPage","@id":"https:\/\/blackpeak-ebike.com\/sl\/","url":"https:\/\/blackpeak-ebike.com\/sl\/","name":"Va\u0161e najbolj\u0161e e-kolesarske po\u010ditnice- Black Peak E-bike","isPartOf":{"@id":"https:\/\/blackpeak-ebike.com\/#website"},"primaryImageOfPage":{"@id":"https:\/\/blackpeak-ebike.com\/sl\/#primaryimage"},"image":{"@id":"https:\/\/blackpeak-ebike.com\/sl\/#primaryimage"},"thumbnailUrl":"https:\/\/blackpeak-ebike.com\/wp-content\/uploads\/2022\/03\/DSF8666-edited-Pixlr.png","datePublished":"2019-02-06T10:11:22+00:00","dateModified":"2025-06-13T09:05:59+00:00","description":"Odkrijte najbolj\u0161e poti in koti\u010dke Pohorja z na\u0161imi izku\u0161enimi vodnik. Rezervirajte svoje e-kolesarske po\u010ditnice na na\u0161i spletni strani!","breadcrumb":{"@id":"https:\/\/blackpeak-ebike.com\/sl\/#breadcrumb"},"inLanguage":"sl-SI","potentialAction":[{"@type":"ReadAction","target":["https:\/\/blackpeak-ebike.com\/sl\/"]}]},{"@type":"ImageObject","inLanguage":"sl-SI","@id":"https:\/\/blackpeak-ebike.com\/sl\/#primaryimage","url":"https:\/\/blackpeak-ebike.com\/wp-content\/uploads\/2022\/03\/DSF8666-edited-Pixlr.png","contentUrl":"https:\/\/blackpeak-ebike.com\/wp-content\/uploads\/2022\/03\/DSF8666-edited-Pixlr.png","width":1920,"height":1280,"caption":"Group of friends with e-bikes on one of the e-bike tours of Ribni\u0161ko Pohorje."},{"@type":"BreadcrumbList","@id":"https:\/\/blackpeak-ebike.com\/sl\/#breadcrumb","itemListElement":[{"@type":"ListItem","position":1,"name":"Home","item":"https:\/\/blackpeak-ebike.com\/sl\/"},{"@type":"ListItem","position":2,"name":"Domov"}]},{"@type":"WebSite","@id":"https:\/\/blackpeak-ebike.com\/#website","url":"https:\/\/blackpeak-ebike.com\/","name":"BLACK PEAK","description":"E-bike Destination","potentialAction":[{"@type":"SearchAction","target":{"@type":"EntryPoint","urlTemplate":"https:\/\/blackpeak-ebike.com\/?s={search_term_string}"},"query-input":{"@type":"PropertyValueSpecification","valueRequired":true,"valueName":"search_term_string"}}],"inLanguage":"sl-SI"}]}},"_links":{"self":[{"href":"https:\/\/blackpeak-ebike.com\/sl\/wp-json\/wp\/v2\/pages\/254","targetHints":{"allow":["GET"]}}],"collection":[{"href":"https:\/\/blackpeak-ebike.com\/sl\/wp-json\/wp\/v2\/pages"}],"about":[{"href":"https:\/\/blackpeak-ebike.com\/sl\/wp-json\/wp\/v2\/types\/page"}],"author":[{"embeddable":true,"href":"https:\/\/blackpeak-ebike.com\/sl\/wp-json\/wp\/v2\/users\/1"}],"replies":[{"embeddable":true,"href":"https:\/\/blackpeak-ebike.com\/sl\/wp-json\/wp\/v2\/comments?post=254"}],"version-history":[{"count":162,"href":"https:\/\/blackpeak-ebike.com\/sl\/wp-json\/wp\/v2\/pages\/254\/revisions"}],"predecessor-version":[{"id":3096,"href":"https:\/\/blackpeak-ebike.com\/sl\/wp-json\/wp\/v2\/pages\/254\/revisions\/3096"}],"wp:featuredmedia":[{"embeddable":true,"href":"https:\/\/blackpeak-ebike.com\/sl\/wp-json\/wp\/v2\/media\/2512"}],"wp:attachment":[{"href":"https:\/\/blackpeak-ebike.com\/sl\/wp-json\/wp\/v2\/media?parent=254"}],"curies":[{"name":"wp","href":"https:\/\/api.w.org\/{rel}","templated":true}]}}